{"id":106,"date":"2020-10-03T12:02:03","date_gmt":"2020-10-03T10:02:03","guid":{"rendered":"http:\/\/nachtmahre.de\/home\/?page_id=106"},"modified":"2020-10-03T12:30:52","modified_gmt":"2020-10-03T10:30:52","slug":"gaestebuch","status":"publish","type":"page","link":"http:\/\/nachtmahre.de\/home\/gaestebuch\/","title":{"rendered":""},"content":{"rendered":"<div class=\"gwolle-gb\"><div class=\"gwolle_gb_messages_top_container\"><\/div>\n\t\t\t<div class=\"gwolle-gb-write-button\">\n\t\t\t\t<input type=\"button\" name=\"gwolle-gb-write-button\" class=\"button btn btn-default \" value=\"&raquo; Neuen Eintrag schreiben\" \/>\n\t\t\t<\/div>\n\t\t\t<form action=\"#\" method=\"POST\" class=\"gwolle-gb-write gwolle-gb-hide gwolle-gb-float gwolle_gb_form_ajax gwolle-gb-form-ajax\">\n\t\t\t\t<h3>Einen neuen Eintrag f\u00fcr das G\u00e4stebuch schreiben<\/h3>\n\t\t\t\t<button type=\"button\" class=\"gb-notice-dismiss\">x<span class=\"screen-reader-text\">Dieses Formular ausblenden<\/span><\/button>\n\t\t\t\n\t\t\t\t<input type=\"hidden\" name=\"gwolle_gb_function\" class=\"gwolle_gb_function\" value=\"add_entry\" \/><input type=\"hidden\" name=\"gwolle_gb_book_id\" class=\"gwolle_gb_book_id\" value=\"1\" \/><div class=\"gwolle_gb_2e127b1a8959c50ef5fe60c21fa9723c\">\n\t\t\t\t<div class=\"label\"><label for=\"gwolle_gb_2e127b1a8959c50ef5fe60c21fa9723c\" class=\"text-info\">Name *<\/label><\/div>\n\t\t\t\t<div class=\"input\"><input class=\"wp-exclude-emoji gwolle_gb_2e127b1a8959c50ef5fe60c21fa9723c\" value=\"\" type=\"text\" name=\"gwolle_gb_2e127b1a8959c50ef5fe60c21fa9723c\" placeholder=\"Name\" required \/><\/div>\n\t\t\t<\/div>\n\t\t\t<div class=\"clearBoth\">&nbsp;<\/div><div class=\"gwolle_gb_a24b04ee9869646b7ac64756efb651d4\">\n\t\t\t\t\t<div class=\"label\"><label for=\"gwolle_gb_a24b04ee9869646b7ac64756efb651d4\" class=\"text-info\">Ort<\/label><\/div>\n\t\t\t\t\t<div class=\"input\"><input class=\"wp-exclude-emoji gwolle_gb_a24b04ee9869646b7ac64756efb651d4\" value=\"\" type=\"text\" name=\"gwolle_gb_a24b04ee9869646b7ac64756efb651d4\" placeholder=\"Ort\" \/><\/div>\n\t\t\t\t<\/div>\n\t\t\t\t<div class=\"clearBoth\">&nbsp;<\/div><div class=\"gwolle_gb_262971198298a39984701e2fb540c2fe\">\n\t\t\t\t<div class=\"label\"><label for=\"gwolle_gb_262971198298a39984701e2fb540c2fe\" class=\"text-info\">E-Mail *<\/label><\/div>\n\t\t\t\t<div class=\"input\"><input class=\"gwolle_gb_262971198298a39984701e2fb540c2fe\" value=\"\" type=\"text\" name=\"gwolle_gb_262971198298a39984701e2fb540c2fe\" placeholder=\"E-Mail\"  required \/><\/div>\n\t\t\t<\/div>\n\t\t\t<div class=\"clearBoth\">&nbsp;<\/div><div class=\"gwolle_gb_1468eaf6c6ef785f7ee38f0d364a5c32\">\n\t\t\t\t<div class=\"label\"><label for=\"gwolle_gb_1468eaf6c6ef785f7ee38f0d364a5c32\" class=\"text-info\">Website<\/label><\/div>\n\t\t\t\t<div class=\"input\"><input class=\"gwolle_gb_1468eaf6c6ef785f7ee38f0d364a5c32\" value=\"\" type=\"text\" name=\"gwolle_gb_1468eaf6c6ef785f7ee38f0d364a5c32\" placeholder=\"Website\"  \/><\/div>\n\t\t\t<\/div>\n\t\t\t<div class=\"clearBoth\">&nbsp;<\/div>\n\t\t\t<div class=\"gwolle_gb_a851861b1dd83524981f2b91f3e111fe\" style=\"display:none;\">\n\t\t\t\t<div class=\"label\">\n\t\t\t\t\t<label for=\"gwolle_gb_a851861b1dd83524981f2b91f3e111fe\" class=\"text-primary\">Hier nichts eingeben<\/label>\n\t\t\t\t\t<label for=\"gwolle_gb_61b64a000b2ebda05bf7fe005bb9b3b2\" class=\"text-primary\">Hier nichts eingeben<\/label>\n\t\t\t\t<\/div>\n\t\t\t\t<div class=\"input\">\n\t\t\t\t\t<input value=\"79\" type=\"text\" name=\"gwolle_gb_a851861b1dd83524981f2b91f3e111fe\" class=\"gwolle_gb_a851861b1dd83524981f2b91f3e111fe\" placeholder=\"\" \/>\n\t\t\t\t\t<input value=\"\" type=\"text\" name=\"gwolle_gb_61b64a000b2ebda05bf7fe005bb9b3b2\" class=\"gwolle_gb_61b64a000b2ebda05bf7fe005bb9b3b2\" placeholder=\"\" \/>\n\t\t\t\t<\/div>\n\t\t\t<\/div>\n\t\t\t<div class=\"clearBoth\"><\/div>\n\t\t\t<div class=\"gwolle_gb_c85f56a6cffde0a7a04b6cebae3331db\" style=\"display:none;\">\n\t\t\t\t<div class=\"label\">\n\t\t\t\t\t<label for=\"gwolle_gb_c85f56a6cffde0a7a04b6cebae3331db\" class=\"text-primary\">Hier nichts eingeben<\/label>\n\t\t\t\t\t<label for=\"gwolle_gb_2fc6ad5a142c82c63b047edeef76babb\" class=\"text-primary\">Hier nichts eingeben<\/label>\n\t\t\t\t<\/div>\n\t\t\t\t<div class=\"input\">\n\t\t\t\t\t<input value=\"35593\" type=\"text\" name=\"gwolle_gb_c85f56a6cffde0a7a04b6cebae3331db\" class=\"gwolle_gb_c85f56a6cffde0a7a04b6cebae3331db\" placeholder=\"\" \/>\n\t\t\t\t\t<input value=\"35593\" type=\"text\" name=\"gwolle_gb_2fc6ad5a142c82c63b047edeef76babb\" class=\"gwolle_gb_2fc6ad5a142c82c63b047edeef76babb\" placeholder=\"\" \/>\n\t\t\t\t<\/div>\n\t\t\t<\/div>\n\t\t\t<div class=\"clearBoth\"><\/div><div class=\"gwolle_gb_content\">\n\t\t\t\t<div class=\"label\"><label for=\"gwolle_gb_content\" class=\"text-info\">G\u00e4stebucheintrag *<\/label><\/div>\n\t\t\t\t<div class=\"input\"><textarea name=\"gwolle_gb_content\" class=\"gwolle_gb_content wp-exclude-emoji\" placeholder=\"G\u00e4stebucheintrag\"  required ><\/textarea><\/div>\n\t\t\t\t<\/div>\n\t\t\t<div class=\"clearBoth\">&nbsp;<\/div><input type=\"hidden\" class=\"gwolle_gb_397d139769ded35aee918679d0454a25\" name=\"gwolle_gb_397d139769ded35aee918679d0454a25\" value=\"52a9a722a3\" \/>\n\t\t\t<div class=\"gwolle_gb_messages_bottom_container\"><\/div>\n\n\t\t\t<noscript><div class=\"no-js\">Warnung: Dieses Formular kann nur verwendet werden, wenn in deinem Browser JavaScript aktiviert ist.<\/div><\/noscript>\n\n\t\t\t<div class=\"gwolle_gb_submit\">\n\t\t\t\t<div class=\"label gwolle-gb-invisible text-muted\">&nbsp;<\/div>\n\t\t\t\t<div class=\"input\">\n\t\t\t\t\t<input type=\"submit\" name=\"gwolle_gb_submit\" class=\"gwolle_gb_submit button btn btn-primary \" value=\"Absenden\" \/>\n\t\t\t\t\t<span class=\"gwolle_gb_submit_ajax_icon\"><\/span>\n\t\t\t\n\t\t\t\t<\/div>\n\t\t\t<\/div>\n\t\t\t<div class=\"clearBoth\">&nbsp;<\/div>\n\n\t\t\t<div class=\"gwolle_gb_notice\">\n\t\t\t\t<br \/>\nMit * gekennzeichnete Felder sind erforderlich.<br \/>\nDeine E-Mail-Adresse wird nicht ver\u00f6ffentlicht.<br \/>\nEs ist m\u00f6glich, dass dein Eintrag im G\u00e4stebuch erst sichtbar ist, nachdem wir ihn \u00fcberpr\u00fcft haben.<br \/>\nWir behalten uns vor, Eintr\u00e4ge zu bearbeiten, zu l\u00f6schen oder nicht zu ver\u00f6ffentlichen.<br \/>\n\n\t\t\t<\/div><\/form><div class=\"gwolle-gb-read \" data-book_id=\"1\"><div id=\"gwolle-gb-total\">3 Eintr\u00e4ge<\/div><!-- Gwolle-GB Entry: Default Template Loaded -->\n\t\t\t\t<div class=\"gb-entry gb-entry_5 gb-entry-count_1 gwolle_gb_uneven gwolle-gb-uneven gwolle_gb_first gwolle-gb-first\">\n\t\t\t\t\t<div class=\"gb-author-info\">\n\t\t\t\t\t\t<span class=\"gb-author-avatar\"><img referrerpolicy=\"no-referrer\" alt='Thomas' src='http:\/\/2.gravatar.com\/avatar\/2181487cca29bdbc4ef495426b61968b?s=32&#038;d=mm&#038;r=g' srcset='http:\/\/2.gravatar.com\/avatar\/2181487cca29bdbc4ef495426b61968b?s=64&#038;d=mm&#038;r=g 2x' class='avatar avatar-32 photo' height='32' width='32' loading='lazy' decoding='async'\/><\/span>\n\t\t\t\t\t\t<span class=\"gb-author-name\">Thomas\n\t\t\t\t\t\t<\/span>\n\t\t\t\t\t\t<span class=\"gb-datetime\">\n\t\t\t\t\t\t\t<span class=\"gb-date\"> schrieb am 7. Mai 2022<\/span><span class=\"gb-time\"> um 18:09<\/span>:\n\t\t\t\t\t\t<\/span> \n\t\t\t\t\t<\/div>\n\t\t\t\t\t<div class=\"gb-entry-content\">Super Podcast. Ich habe alle Folgen durch, nachdem ich ihn vor einem Monat zuf\u00e4llig gefunden habe. Vorallem supernice, dass alte Filme besprochen werden. Er wird leider nicht mehr weitergef\u00fchrt.\n\t\t\t\t\t<\/div>\n\t\t\t<\/div>\n\t\t\t<div class=\"gb-entry gb-entry_4 gb-entry-count_2 gwolle_gb_even gwolle-gb-even\">\n\t\t\t\t\t<div class=\"gb-author-info\">\n\t\t\t\t\t\t<span class=\"gb-author-avatar\"><img referrerpolicy=\"no-referrer\" alt='Found Footage Horror Film Fan' src='http:\/\/1.gravatar.com\/avatar\/1d9678dc13be9257e8ed74f4a857a3c1?s=32&#038;d=mm&#038;r=g' srcset='http:\/\/1.gravatar.com\/avatar\/1d9678dc13be9257e8ed74f4a857a3c1?s=64&#038;d=mm&#038;r=g 2x' class='avatar avatar-32 photo' height='32' width='32' loading='lazy' decoding='async'\/><\/span>\n\t\t\t\t\t\t<span class=\"gb-author-name\">Found Footage Horror Film Fan\n\t\t\t\t\t\t<\/span>\n\t\t\t\t\t\t<span class=\"gb-author-origin\"> aus Hops End<\/span>\n\t\t\t\t\t\t<span class=\"gb-datetime\">\n\t\t\t\t\t\t\t<span class=\"gb-date\"> schrieb am 16. Februar 2022<\/span><span class=\"gb-time\"> um 00:30<\/span>:\n\t\t\t\t\t\t<\/span> \n\t\t\t\t\t<\/div>\n\t\t\t\t\t<div class=\"gb-entry-content\">Ein weiterer Found Footage Horrorfilm Tip: Die V\/H\/S Serie.\nAuch eine Geniale Serie von Found Footage Filmen.Unbedingt Sehenswert\n\t\t\t\t\t<\/div>\n\t\t\t<\/div>\n\t\t\t<div class=\"gb-entry gb-entry_1 gb-entry-count_3 gwolle_gb_uneven gwolle-gb-uneven\">\n\t\t\t\t\t<div class=\"gb-author-info\">\n\t\t\t\t\t\t<span class=\"gb-author-avatar\"><img referrerpolicy=\"no-referrer\" alt='Thommy' src='http:\/\/0.gravatar.com\/avatar\/07d5999122c4e4288eee1c67acf45713?s=32&#038;d=mm&#038;r=g' srcset='http:\/\/0.gravatar.com\/avatar\/07d5999122c4e4288eee1c67acf45713?s=64&#038;d=mm&#038;r=g 2x' class='avatar avatar-32 photo' height='32' width='32' loading='lazy' decoding='async'\/><\/span>\n\t\t\t\t\t\t<span class=\"gb-author-name\">Thommy\n\t\t\t\t\t\t<\/span>\n\t\t\t\t\t\t<span class=\"gb-datetime\">\n\t\t\t\t\t\t\t<span class=\"gb-date\"> schrieb am 3. Oktober 2020<\/span><span class=\"gb-time\"> um 12:03<\/span>:\n\t\t\t\t\t\t<\/span> \n\t\t\t\t\t<\/div>\n\t\t\t\t\t<div class=\"gb-entry-content\">Toller Podcast. Macht weiter so!\nLiebe Gr\u00fc\u00dfe aus dem Norden!\n\t\t\t\t\t<\/div>\n\t\t\t<\/div>\n\t\t\t<\/div><\/div>\n\n\n\n<p><\/p>\n","protected":false},"excerpt":{"rendered":"","protected":false},"author":1,"featured_media":0,"parent":0,"menu_order":0,"comment_status":"closed","ping_status":"closed","template":"","meta":{"footnotes":""},"_links":{"self":[{"href":"http:\/\/nachtmahre.de\/home\/wp-json\/wp\/v2\/pages\/106"}],"collection":[{"href":"http:\/\/nachtmahre.de\/home\/wp-json\/wp\/v2\/pages"}],"about":[{"href":"http:\/\/nachtmahre.de\/home\/wp-json\/wp\/v2\/types\/page"}],"author":[{"embeddable":true,"href":"http:\/\/nachtmahre.de\/home\/wp-json\/wp\/v2\/users\/1"}],"replies":[{"embeddable":true,"href":"http:\/\/nachtmahre.de\/home\/wp-json\/wp\/v2\/comments?post=106"}],"version-history":[{"count":2,"href":"http:\/\/nachtmahre.de\/home\/wp-json\/wp\/v2\/pages\/106\/revisions"}],"predecessor-version":[{"id":120,"href":"http:\/\/nachtmahre.de\/home\/wp-json\/wp\/v2\/pages\/106\/revisions\/120"}],"wp:attachment":[{"href":"http:\/\/nachtmahre.de\/home\/wp-json\/wp\/v2\/media?parent=106"}],"curies":[{"name":"wp","href":"https:\/\/api.w.org\/{rel}","templated":true}]}}