{"id":15,"date":"2019-12-02T11:31:48","date_gmt":"2019-12-02T10:31:48","guid":{"rendered":"http:\/\/nachtmahre.de\/?page_id=15"},"modified":"2020-10-03T12:28:18","modified_gmt":"2020-10-03T10:28:18","slug":"home","status":"publish","type":"page","link":"http:\/\/nachtmahre.de\/home\/","title":{"rendered":""},"content":{"rendered":"\n<p style=\"text-align:center\">Willkommen auf der Homepage des kleinen Horror-Podcasts. Hier findet ihr den Link zu all unseren Folgen und k\u00f6nnt sie Euch direkt auf der Seite anh\u00f6ren. Viel Spa\u00df damit! <\/p>\n\n\n<ul class=\"wp-block-latest-posts__list is-grid columns-3 has-dates alignfull wp-block-latest-posts\"><li><a class=\"wp-block-latest-posts__post-title\" href=\"http:\/\/nachtmahre.de\/home\/2023\/10\/05\/015-urban-legends\/\">#015 &#8211; Urban Legends<\/a><time datetime=\"2023-10-05T09:52:00+02:00\" class=\"wp-block-latest-posts__post-date\">5. Oktober 2023<\/time><\/li>\n<li><a class=\"wp-block-latest-posts__post-title\" href=\"http:\/\/nachtmahre.de\/home\/2023\/09\/07\/014-wir-sind-zurueck\/\">#014 &#8211; Wir sind zur\u00fcck<\/a><time datetime=\"2023-09-07T22:01:00+02:00\" class=\"wp-block-latest-posts__post-date\">7. September 2023<\/time><\/li>\n<li><a class=\"wp-block-latest-posts__post-title\" href=\"http:\/\/nachtmahre.de\/home\/2021\/01\/24\/013-reale-horror-orte\/\">#013 &#8211; Reale Horror Orte<\/a><time datetime=\"2021-01-24T23:05:57+01:00\" class=\"wp-block-latest-posts__post-date\">24. Januar 2021<\/time><\/li>\n<li><a class=\"wp-block-latest-posts__post-title\" href=\"http:\/\/nachtmahre.de\/home\/2020\/12\/24\/012-gremlins\/\">#012 &#8211; Gremlins<\/a><time datetime=\"2020-12-24T05:00:00+01:00\" class=\"wp-block-latest-posts__post-date\">24. Dezember 2020<\/time><\/li>\n<li><a class=\"wp-block-latest-posts__post-title\" href=\"http:\/\/nachtmahre.de\/home\/2020\/12\/07\/011-scream\/\">#011 &#8211; Scream<\/a><time datetime=\"2020-12-07T20:24:32+01:00\" class=\"wp-block-latest-posts__post-date\">7. Dezember 2020<\/time><\/li>\n<li><a class=\"wp-block-latest-posts__post-title\" href=\"http:\/\/nachtmahre.de\/home\/2020\/11\/16\/010-ari-aster\/\">#010 &#8211; Ari Aster<\/a><time datetime=\"2020-11-16T09:18:40+01:00\" class=\"wp-block-latest-posts__post-date\">16. November 2020<\/time><\/li>\n<li><a class=\"wp-block-latest-posts__post-title\" href=\"http:\/\/nachtmahre.de\/home\/2020\/10\/30\/009-halloween-special\/\">#009 &#8211; Halloween Special<\/a><time datetime=\"2020-10-30T23:05:44+01:00\" class=\"wp-block-latest-posts__post-date\">30. Oktober 2020<\/time><\/li>\n<li><a class=\"wp-block-latest-posts__post-title\" href=\"http:\/\/nachtmahre.de\/home\/2020\/10\/11\/006-episode-6-hostel\/\">#008 &#8211; Hostel<\/a><time datetime=\"2020-10-11T22:00:15+02:00\" class=\"wp-block-latest-posts__post-date\">11. Oktober 2020<\/time><\/li>\n<li><a class=\"wp-block-latest-posts__post-title\" href=\"http:\/\/nachtmahre.de\/home\/2020\/10\/02\/005-episode-5-der-babadook\/\">#007 &#8211; Der Babadook<\/a><time datetime=\"2020-10-02T17:21:05+02:00\" class=\"wp-block-latest-posts__post-date\">2. Oktober 2020<\/time><\/li>\n<li><a class=\"wp-block-latest-posts__post-title\" href=\"http:\/\/nachtmahre.de\/home\/2020\/09\/06\/spinoff-01-micro-slasher-halloween\/\">#006 &#8211; Spinoff &#8211; Micro, Slasher, Halloween<\/a><time datetime=\"2020-09-06T15:57:27+02:00\" class=\"wp-block-latest-posts__post-date\">6. September 2020<\/time><\/li>\n<li><a class=\"wp-block-latest-posts__post-title\" href=\"http:\/\/nachtmahre.de\/home\/2020\/08\/24\/004-episode-4-sharks\/\">#005 &#8211; Sharks<\/a><time datetime=\"2020-08-24T19:19:09+02:00\" class=\"wp-block-latest-posts__post-date\">24. August 2020<\/time><\/li>\n<li><a class=\"wp-block-latest-posts__post-title\" href=\"http:\/\/nachtmahre.de\/home\/2020\/02\/19\/review-01-the-lodge\/\">#004 &#8211; Review &#8211; The Lodge<\/a><time datetime=\"2020-02-19T07:00:20+01:00\" class=\"wp-block-latest-posts__post-date\">19. Februar 2020<\/time><\/li>\n<li><a class=\"wp-block-latest-posts__post-title\" href=\"http:\/\/nachtmahre.de\/home\/2019\/12\/30\/003-episode-3-chucky\/\">#003 &#8211; Chucky<\/a><time datetime=\"2019-12-30T11:24:14+01:00\" class=\"wp-block-latest-posts__post-date\">30. Dezember 2019<\/time><\/li>\n<li><a class=\"wp-block-latest-posts__post-title\" href=\"http:\/\/nachtmahre.de\/home\/2019\/12\/02\/002-episode-2-found-footage\/\">#002 &#8211; Found Footage<\/a><time datetime=\"2019-12-02T11:54:18+01:00\" class=\"wp-block-latest-posts__post-date\">2. Dezember 2019<\/time><\/li>\n<li><a class=\"wp-block-latest-posts__post-title\" href=\"http:\/\/nachtmahre.de\/home\/2019\/10\/31\/001-episode-1-the-conjuring\/\">#001 &#8211; The Conjuring<\/a><time datetime=\"2019-10-31T09:00:49+01:00\" class=\"wp-block-latest-posts__post-date\">31. Oktober 2019<\/time><\/li>\n<li><a class=\"wp-block-latest-posts__post-title\" href=\"http:\/\/nachtmahre.de\/home\/2019\/10\/21\/000-episode-0-vorstellung\/\">#000 &#8211; Vorstellung<\/a><time datetime=\"2019-10-21T06:33:56+02:00\" class=\"wp-block-latest-posts__post-date\">21. Oktober 2019<\/time><\/li>\n<\/ul>\n\n\n<p><\/p>\n\n\n\n<p>Ihr findet uns auch auf allen g\u00e4ngigen Podcast-Plattformen:<\/p>\n\n\n\t\n\t<div id=\"podcast-subscribe-button-109\" class=\"secondline-psb-round-style\">\t\t\t\t\n\t\t\r\n\r\n<div class=\"secondline-psb-subscribe-icons\"><span class=\"secondline-psb-subscribe-Spotify\"><a title=\"Spotify\" onMouseOver=\"this.style.color=`#ffffff`; this.style.backgroundColor=`#2a2a2a`\" onMouseOut=\"this.style.color=`#ffffff`; this.style.backgroundColor=`#000000`\" style=\"color:#ffffff; background-color:#000000\" class=\"button podcast-subscribe-button\" href=\"https:\/\/open.spotify.com\/show\/1aXEwr3ZYNT50c7MNEUQJJ?si=hsn3bJsYTLe8AQ5J49mxvA\" target=\"_blank\"><img class=\"secondline-psb-subscribe-img\" src=\"http:\/\/nachtmahre.de\/wp-content\/plugins\/podcast-subscribe-buttons\/assets\/img\/icons\/Spotify.png\" \/><\/a><\/span><span class=\"secondline-psb-subscribe-Apple-Podcasts\"><a title=\"Apple-Podcasts\" onMouseOver=\"this.style.color=`#ffffff`; this.style.backgroundColor=`#2a2a2a`\" onMouseOut=\"this.style.color=`#ffffff`; this.style.backgroundColor=`#000000`\" style=\"color:#ffffff; background-color:#000000\" class=\"button podcast-subscribe-button\" href=\"https:\/\/podcasts.apple.com\/us\/podcast\/nachtmahre-der-kleine-horror-podcast\/id1488306486\" target=\"_blank\"><img class=\"secondline-psb-subscribe-img\" src=\"http:\/\/nachtmahre.de\/wp-content\/plugins\/podcast-subscribe-buttons\/assets\/img\/icons\/Apple-Podcasts.png\" \/><\/a><\/span><span class=\"secondline-psb-subscribe-Deezer\"><a title=\"Deezer\" onMouseOver=\"this.style.color=`#ffffff`; this.style.backgroundColor=`#2a2a2a`\" onMouseOut=\"this.style.color=`#ffffff`; this.style.backgroundColor=`#000000`\" style=\"color:#ffffff; background-color:#000000\" class=\"button podcast-subscribe-button\" href=\"https:\/\/www.deezer.com\/ms\/show\/617812\" target=\"_blank\"><img class=\"secondline-psb-subscribe-img\" src=\"http:\/\/nachtmahre.de\/wp-content\/plugins\/podcast-subscribe-buttons\/assets\/img\/icons\/Deezer.png\" \/><\/a><\/span><span class=\"secondline-psb-subscribe-Podcast.de\"><a title=\"Podcast.de\" onMouseOver=\"this.style.color=`#ffffff`; this.style.backgroundColor=`#2a2a2a`\" onMouseOut=\"this.style.color=`#ffffff`; this.style.backgroundColor=`#000000`\" style=\"color:#ffffff; background-color:#000000\" class=\"button podcast-subscribe-button\" href=\"https:\/\/www.podcast.de\/podcast\/722884\/\" target=\"_blank\"><img class=\"secondline-psb-subscribe-img\" src=\"http:\/\/nachtmahre.de\/wp-content\/plugins\/podcast-subscribe-buttons\/assets\/img\/icons\/Podcast.de.png\" \/><\/a><\/span><\/div>                                       \r\n\t\t\n\t<\/div>\n","protected":false},"excerpt":{"rendered":"<p>Willkommen auf der Homepage des kleinen Horror-Podcasts. Hier findet ihr den Link zu all unseren Folgen und k\u00f6nnt sie Euch direkt auf der Seite anh\u00f6ren. Viel Spa\u00df damit! Ihr findet uns auch auf allen g\u00e4ngigen Podcast-Plattformen:<\/p>\n","protected":false},"author":1,"featured_media":5,"parent":0,"menu_order":0,"comment_status":"closed","ping_status":"closed","template":"","meta":{"footnotes":""},"_links":{"self":[{"href":"http:\/\/nachtmahre.de\/home\/wp-json\/wp\/v2\/pages\/15"}],"collection":[{"href":"http:\/\/nachtmahre.de\/home\/wp-json\/wp\/v2\/pages"}],"about":[{"href":"http:\/\/nachtmahre.de\/home\/wp-json\/wp\/v2\/types\/page"}],"author":[{"embeddable":true,"href":"http:\/\/nachtmahre.de\/home\/wp-json\/wp\/v2\/users\/1"}],"replies":[{"embeddable":true,"href":"http:\/\/nachtmahre.de\/home\/wp-json\/wp\/v2\/comments?post=15"}],"version-history":[{"count":15,"href":"http:\/\/nachtmahre.de\/home\/wp-json\/wp\/v2\/pages\/15\/revisions"}],"predecessor-version":[{"id":117,"href":"http:\/\/nachtmahre.de\/home\/wp-json\/wp\/v2\/pages\/15\/revisions\/117"}],"wp:featuredmedia":[{"embeddable":true,"href":"http:\/\/nachtmahre.de\/home\/wp-json\/wp\/v2\/media\/5"}],"wp:attachment":[{"href":"http:\/\/nachtmahre.de\/home\/wp-json\/wp\/v2\/media?parent=15"}],"curies":[{"name":"wp","href":"https:\/\/api.w.org\/{rel}","templated":true}]}}