{"id":24,"date":"2019-12-02T11:42:00","date_gmt":"2019-12-02T10:42:00","guid":{"rendered":"http:\/\/nachtmahre.de\/home\/?page_id=24"},"modified":"2020-10-12T14:56:11","modified_gmt":"2020-10-12T12:56:11","slug":"ueber-uns","status":"publish","type":"page","link":"http:\/\/nachtmahre.de\/home\/ueber-uns\/","title":{"rendered":""},"content":{"rendered":"\n<h3 class=\"wp-block-heading\"><\/h3>\n\n\n\n<p style=\"font-size:22px\" class=\"has-text-color has-background has-very-light-gray-color has-very-dark-gray-background-color\">NACHTMAHRE &#8211; DER KLEINE HORROR-PODCAST<\/p>\n\n\n\n<p class=\"has-text-color has-background has-black-color has-white-background-color\">In unserem kleinen Podcast wollen wir Horrorgeschichten (B\u00fccher, Filme, Spiele) genauer unter die Lupe nehmen und analysieren, was genau den Reiz dieser Geschichten ausmacht.  Warum machen uns Horrorfilme Angst? Und warum will man diese Angst immer wieder erleben.   <br>Was ist Angst \u00fcberhaupt? Und durch  welche Faktoren werden \u00c4ngste ausgel\u00f6st?Und nat\u00fcrlich der X-Faktor: Sind  die Geschichten frei erfunden oder steckt was wahres dahinter?In jeder  Folge stellen wir Euch eine dieser Geschichten (Filme, Buch oder Spiel)  vor und pr\u00e4sentieren dazu Fakten und Theorien.Aber Achtung:    Wir sind allerdings keine Profis. Wir sind Horror- und Podcast-Fans und haben einfach Lust, uns in diesem Format zu versuchen.<br>H\u00f6rt einfach mal rein  <\/p>\n\n\n\n<div class=\"wp-block-image\"><figure class=\"aligncenter is-resized\"><img decoding=\"async\" loading=\"lazy\" src=\"http:\/\/nachtmahre.de\/wp-content\/uploads\/2020\/10\/79340950_149212373156499_4664990604134973440_n.jpg\" alt=\"\" class=\"wp-image-127\" width=\"338\" height=\"354\" srcset=\"http:\/\/nachtmahre.de\/wp-content\/uploads\/2020\/10\/79340950_149212373156499_4664990604134973440_n.jpg 915w, http:\/\/nachtmahre.de\/wp-content\/uploads\/2020\/10\/79340950_149212373156499_4664990604134973440_n-286x300.jpg 286w, http:\/\/nachtmahre.de\/wp-content\/uploads\/2020\/10\/79340950_149212373156499_4664990604134973440_n-768x806.jpg 768w\" sizes=\"(max-width: 338px) 100vw, 338px\" \/><\/figure><\/div>\n\n\n\n<p><\/p>\n\n\n\n<p><\/p>\n","protected":false},"excerpt":{"rendered":"<p>NACHTMAHRE &#8211; DER KLEINE HORROR-PODCAST In unserem kleinen Podcast wollen wir Horrorgeschichten (B\u00fccher, Filme, Spiele) genauer unter die Lupe nehmen und analysieren, was genau den Reiz dieser Geschichten ausmacht. Warum machen uns Horrorfilme Angst? Und warum will man diese Angst immer wieder erleben. Was ist Angst \u00fcberhaupt? Und durch welche Faktoren werden \u00c4ngste ausgel\u00f6st?Und nat\u00fcrlich [&hellip;]<\/p>\n","protected":false},"author":1,"featured_media":0,"parent":0,"menu_order":0,"comment_status":"closed","ping_status":"closed","template":"","meta":{"footnotes":""},"_links":{"self":[{"href":"http:\/\/nachtmahre.de\/home\/wp-json\/wp\/v2\/pages\/24"}],"collection":[{"href":"http:\/\/nachtmahre.de\/home\/wp-json\/wp\/v2\/pages"}],"about":[{"href":"http:\/\/nachtmahre.de\/home\/wp-json\/wp\/v2\/types\/page"}],"author":[{"embeddable":true,"href":"http:\/\/nachtmahre.de\/home\/wp-json\/wp\/v2\/users\/1"}],"replies":[{"embeddable":true,"href":"http:\/\/nachtmahre.de\/home\/wp-json\/wp\/v2\/comments?post=24"}],"version-history":[{"count":9,"href":"http:\/\/nachtmahre.de\/home\/wp-json\/wp\/v2\/pages\/24\/revisions"}],"predecessor-version":[{"id":128,"href":"http:\/\/nachtmahre.de\/home\/wp-json\/wp\/v2\/pages\/24\/revisions\/128"}],"wp:attachment":[{"href":"http:\/\/nachtmahre.de\/home\/wp-json\/wp\/v2\/media?parent=24"}],"curies":[{"name":"wp","href":"https:\/\/api.w.org\/{rel}","templated":true}]}}